{"id":14,"date":"2023-11-13T15:52:06","date_gmt":"2023-11-13T14:52:06","guid":{"rendered":"http:\/\/jsf.corsica\/?page_id=14"},"modified":"2025-11-25T12:18:27","modified_gmt":"2025-11-25T11:18:27","slug":"jsf","status":"publish","type":"page","link":"https:\/\/jsf.corsica\/?page_id=14","title":{"rendered":"Qui sommes-nous ?"},"content":{"rendered":"\t\t<div data-elementor-type=\"wp-page\" data-elementor-id=\"14\" class=\"elementor elementor-14\">\n\t\t\t\t\t\t\t<div class=\"elementor-element elementor-element-1c6a9d8 e-flex e-con-boxed e-con e-parent\" data-id=\"1c6a9d8\" data-element_type=\"container\" data-settings=\"{&quot;content_width&quot;:&quot;boxed&quot;}\" data-core-v316-plus=\"true\">\n\t\t\t\t\t<div class=\"e-con-inner\">\n\t\t\t\t<div class=\"elementor-element elementor-element-8f4d050 elementor-widget elementor-widget-image\" data-id=\"8f4d050\" data-element_type=\"widget\" data-widget_type=\"image.default\">\n\t\t\t\t<div class=\"elementor-widget-container\">\n\t\t\t<style>\/*! elementor - v3.17.0 - 08-11-2023 *\/\n.elementor-widget-image{text-align:center}.elementor-widget-image a{display:inline-block}.elementor-widget-image a img[src$=\".svg\"]{width:48px}.elementor-widget-image img{vertical-align:middle;display:inline-block}<\/style>\t\t\t\t\t\t\t\t\t<figure class=\"wp-caption\">\n\t\t\t\t\t\t\t\t\t\t<img fetchpriority=\"high\" decoding=\"async\" width=\"300\" height=\"245\" src=\"https:\/\/jsf.corsica\/wp-content\/uploads\/2023\/11\/WhatsApp-Image-2023-11-20-a-12.10.22_4b90094f-e1700478694500-300x245.jpg\" class=\"attachment-medium size-medium wp-image-314\" alt=\"\" srcset=\"https:\/\/jsf.corsica\/wp-content\/uploads\/2023\/11\/WhatsApp-Image-2023-11-20-a-12.10.22_4b90094f-e1700478694500-300x245.jpg 300w, https:\/\/jsf.corsica\/wp-content\/uploads\/2023\/11\/WhatsApp-Image-2023-11-20-a-12.10.22_4b90094f-e1700478694500-686x560.jpg 686w, https:\/\/jsf.corsica\/wp-content\/uploads\/2023\/11\/WhatsApp-Image-2023-11-20-a-12.10.22_4b90094f-e1700478694500-600x490.jpg 600w, https:\/\/jsf.corsica\/wp-content\/uploads\/2023\/11\/WhatsApp-Image-2023-11-20-a-12.10.22_4b90094f-e1700478694500.jpg 720w\" sizes=\"(max-width: 300px) 100vw, 300px\" \/>\t\t\t\t\t\t\t\t\t\t\t<figcaption class=\"widget-image-caption wp-caption-text\">Paul Orsatti et Didier Vezzaro - 2021<\/figcaption>\n\t\t\t\t\t\t\t\t\t\t<\/figure>\n\t\t\t\t\t\t\t\t\t<\/div>\n\t\t\t\t<\/div>\n\t\t\t\t\t<\/div>\n\t\t\t\t<\/div>\n\t\t<div class=\"elementor-element elementor-element-349ccfb e-flex e-con-boxed e-con e-parent\" data-id=\"349ccfb\" data-element_type=\"container\" data-settings=\"{&quot;content_width&quot;:&quot;boxed&quot;}\" data-core-v316-plus=\"true\">\n\t\t\t\t\t<div class=\"e-con-inner\">\n\t\t<div class=\"elementor-element elementor-element-fdf0b9d e-con-full e-flex e-con e-child\" data-id=\"fdf0b9d\" data-element_type=\"container\" data-settings=\"{&quot;content_width&quot;:&quot;full&quot;}\">\n\t\t\t\t<div class=\"elementor-element elementor-element-e86952b elementor-widget elementor-widget-text-editor\" data-id=\"e86952b\" data-element_type=\"widget\" data-widget_type=\"text-editor.default\">\n\t\t\t\t<div class=\"elementor-widget-container\">\n\t\t\t<style>\/*! elementor - v3.17.0 - 08-11-2023 *\/\n.elementor-widget-text-editor.elementor-drop-cap-view-stacked .elementor-drop-cap{background-color:#69727d;color:#fff}.elementor-widget-text-editor.elementor-drop-cap-view-framed .elementor-drop-cap{color:#69727d;border:3px solid;background-color:transparent}.elementor-widget-text-editor:not(.elementor-drop-cap-view-default) .elementor-drop-cap{margin-top:8px}.elementor-widget-text-editor:not(.elementor-drop-cap-view-default) .elementor-drop-cap-letter{width:1em;height:1em}.elementor-widget-text-editor .elementor-drop-cap{float:left;text-align:center;line-height:1;font-size:50px}.elementor-widget-text-editor .elementor-drop-cap-letter{display:inline-block}<\/style>\t\t\t\t<h3 style=\"text-align: center;\"><span style=\"color: #587a66;\"><strong>JEUNESSE SPORT FORMATION<\/strong><\/span><\/h3>\t\t\t\t\t\t<\/div>\n\t\t\t\t<\/div>\n\t\t\t\t<div class=\"elementor-element elementor-element-4ec511f elementor-widget elementor-widget-text-editor\" data-id=\"4ec511f\" data-element_type=\"widget\" data-widget_type=\"text-editor.default\">\n\t\t\t\t<div class=\"elementor-widget-container\">\n\t\t\t\t\t\t\t<p><strong><em>JSF, c\u2019est avant tout une passion celle du sport et la transmission de ses valeurs intrins\u00e8ques&#8230;<\/em><\/strong><\/p>\n<p>Le d\u00e9marrage de cette fabuleuse aventure d\u00e9bute en 1998 avec la cr\u00e9ation de ISF institut sport formation par l \u2018ancien joueur de football professionnel<em> Paul ORSATTI.<\/em><\/p>\n<p>C\u2019est une nouvelle m\u00e9thode p\u00e9dagogique qui utilise le sport comme support d\u2019apprentissage<br>pour permettre aux jeunes rencontrant des difficult\u00e9s d\u2019acc\u00e8s \u00e0 l\u2019emploi de pouvoir se remobiliser et acc\u00e9der \u00e0 un premier dipl\u00f4me dans le domaine du sport et de l\u2019animation sportive.<\/p>\n<p><em><strong>En 2007, JEUNESSE SPORT FORMATION<\/strong> <\/em>na\u00eet sous la direction de Didier vezzaro et \u00e9tend son offre formative en proposant le BPJEPS APT ACTIVIT\u00c9S PHYSIQUES POUR TOUS , dipl\u00f4me d\u2019\u00e9tat dans les m\u00e9tiers du sport<\/p>\n<p>JSF a depuis form\u00e9 de nombreux jeunes qui aujourd\u2019hui travaillent dans notre micro r\u00e9gion et au<br>del\u00e0 dans leur domaine de pr\u00e9dilection.<\/p>\n<p>Apr\u00e8s de nombreuses ann\u00e9es pass\u00e9es en tant que formateur et directeur de l\u2019association , <em>Didier Vezzaro<\/em> tire sa r\u00e9v\u00e9rence et profite de sa retraite et c\u2019est aujourd\u2019hui \u00e0 la nouvelle \u00e9quipe de relever le challenge.<\/p>\n<p>Apr\u00e8s avoir \u00e9t\u00e9 pendant 15 ans la r\u00e9f\u00e9rente du centre de formation pour la Mission Locale Sud Corse,<em> Laurence Taddei<\/em> prend la direction du centre <em><strong>en janvier 2022<\/strong><\/em> avec ses deux collaborateurs <em>Jean-Laurent Fabregues<\/em> en tant que responsable p\u00e9dagogique et <em>Guillaume Machut<\/em> au poste de formateur. Tous deux anciens stagiaires de JSF et travaillant depuis de nombreuses ann\u00e9es dans le monde du sport.<\/p>\n<p>Forts de leurs exp\u00e9riences respectives la nouvelle \u00e9quipe a l\u2019ambition de faire perdurer mais surtout d\u00e9velopper et diversifier l\u2019offre de formation dans le domaine du sport et de l\u2019animation sur le territoire.<\/p><p><b style=\"caret-color: rgb(34, 34, 34); color: rgb(34, 34, 34); font-family: Arial, Helvetica, sans-serif;\">C&#8217;est pourquoi afin de diversifier et d\u00e9velopper son offre de formation JSF est depuis septembre 2023 devenu UFA (Unit\u00e9 de Formation des Apprentis) en signant une convention avec La Ligue Corse de Rugby , afin de pouvoir aussi accueillir&nbsp;et former par le biais du contrat d&#8217;apprentissage.<\/b><br><\/p>\n<p><strong><em>Seul centre de formation<\/em><\/strong> des m\u00e9tiers du sport de l\u2019extr\u00eame sud, JSF est depuis 25 ans incontournable dans la r\u00e9gion.<\/p>\n<p>Toujours en qu\u00eate de nouveaut\u00e9s dans le domaine de l\u2019apprentissage avec toujours le soucis de l\u2019excellence et de la r\u00e9ussite il rayonne sur toute la r\u00e9gion de l\u2019extr\u00eame sud et accueille d\u00e9sormais des stagiaires issus de la plaine orientale jusqu\u2019au Sartenais Valinco.<\/p>\n<p>La nouvelle \u00e9quipe travaille d\u00e9j\u00e0 sur de nouveaux projets en ad\u00e9quation avec les opportunit\u00e9s d\u2019emploi de la r\u00e9gion, tout en respectant l&#8217;essence m\u00eame et la philosophie de JSF, \u00e0 savoir :<br><strong><em>l&#8217;excellence dans le travail<\/em><\/strong><strong><em>, la rigueur et le respect des r\u00e8gles fondamentales du sport.<\/em><\/strong><\/p>\t\t\t\t\t\t<\/div>\n\t\t\t\t<\/div>\n\t\t\t\t<\/div>\n\t\t\t\t\t<\/div>\n\t\t\t\t<\/div>\n\t\t\t\t\t\t\t<\/div>\n\t\t","protected":false},"excerpt":{"rendered":"<p>Paul Orsatti et Didier Vezzaro &#8211; 2021 JEUNESSE SPORT FORMATION JSF, c\u2019est avant tout une passion celle du sport et la transmission de ses valeurs intrins\u00e8ques&#8230; Le d\u00e9marrage de cette fabuleuse aventure d\u00e9bute en 1998 avec la cr\u00e9ation de ISF institut sport formation par l \u2018ancien joueur de football professionnel [&hellip;]<\/p>\n","protected":false},"author":1,"featured_media":0,"parent":0,"menu_order":0,"comment_status":"closed","ping_status":"closed","template":"","meta":{"footnotes":""},"class_list":["post-14","page","type-page","status-publish","hentry"],"_links":{"self":[{"href":"https:\/\/jsf.corsica\/index.php?rest_route=\/wp\/v2\/pages\/14","targetHints":{"allow":["GET"]}}],"collection":[{"href":"https:\/\/jsf.corsica\/index.php?rest_route=\/wp\/v2\/pages"}],"about":[{"href":"https:\/\/jsf.corsica\/index.php?rest_route=\/wp\/v2\/types\/page"}],"author":[{"embeddable":true,"href":"https:\/\/jsf.corsica\/index.php?rest_route=\/wp\/v2\/users\/1"}],"replies":[{"embeddable":true,"href":"https:\/\/jsf.corsica\/index.php?rest_route=%2Fwp%2Fv2%2Fcomments&post=14"}],"version-history":[{"count":22,"href":"https:\/\/jsf.corsica\/index.php?rest_route=\/wp\/v2\/pages\/14\/revisions"}],"predecessor-version":[{"id":930,"href":"https:\/\/jsf.corsica\/index.php?rest_route=\/wp\/v2\/pages\/14\/revisions\/930"}],"wp:attachment":[{"href":"https:\/\/jsf.corsica\/index.php?rest_route=%2Fwp%2Fv2%2Fmedia&parent=14"}],"curies":[{"name":"wp","href":"https:\/\/api.w.org\/{rel}","templated":true}]}}